{"id":11489,"date":"2024-08-23T16:46:51","date_gmt":"2024-08-23T15:46:51","guid":{"rendered":"https:\/\/cursosonline.aepap.org\/moodle2026\/?page_id=11489"},"modified":"2025-08-17T15:04:20","modified_gmt":"2025-08-17T14:04:20","slug":"ponentes","status":"publish","type":"page","link":"https:\/\/cursosonline.aepap.org\/moodle2026\/ponentes\/","title":{"rendered":"Ponentes"},"content":{"rendered":"<div class=\"wpb-content-wrapper\">[vc_row fullwidth=\u00bbtrue\u00bb parallax=\u00bbcontent-moving-fade\u00bb parallax_speed_bg=\u00bb1&#8243; css=\u00bb.vc_custom_1755109109911{margin-bottom: -10px !important;border-bottom-width: -10px !important;padding-bottom: -10px !important;background-color: #B9271A !important;background-position: center;background-repeat: no-repeat !important;background-size: cover !important;}\u00bb][vc_column css=\u00bb.vc_custom_1703196275772{margin-bottom: -5px !important;border-bottom-width: -5px !important;padding-bottom: -5px !important;background-position: center !important;background-repeat: no-repeat !important;background-size: contain !important;}\u00bb][mk_padding_divider size=\u00bb30&#8243; visibility=\u00bbhidden-sm\u00bb][mk_padding_divider visibility=\u00bbvisible-sm\u00bb][mk_fancy_title color=\u00bb#ffffff\u00bb size=\u00bb40&#8243; force_font_size=\u00bbtrue\u00bb size_smallscreen=\u00bb30&#8243; size_tablet=\u00bb30&#8243; size_phone=\u00bb25&#8243; margin_bottom=\u00bb0&#8243; font_family=\u00bbImpact, Charcoal, sans-serif\u00bb font_type=\u00bbsafefont\u00bb align=\u00bbcenter\u00bb]Ponentes y moderadores[\/mk_fancy_title][mk_padding_divider][\/vc_column][\/vc_row][mk_page_section bg_color=\u00bb#ffffff\u00bb attachment=\u00bbfixed\u00bb bg_position=\u00bbcenter top\u00bb bg_repeat=\u00bbno-repeat\u00bb enable_3d=\u00bbtrue\u00bb padding_top=\u00bb0&#8243; top_shape_style=\u00bbcurve-top\u00bb top_shape_bg_color=\u00bbrgba(255,255,255,0)\u00bb sidebar=\u00bbsidebar-1&#8243; first_page=\u00bbfalse\u00bb last_page=\u00bbfalse\u00bb][vc_column css=\u00bb.vc_custom_1668987388736{margin-bottom: -10px !important;border-bottom-width: -10px !important;padding-bottom: -10px !important;}\u00bb][mk_padding_divider size=\u00bb60&#8243;][vc_column_text css=\u00bb.vc_custom_1755438041812{margin-bottom: 0px !important;}\u00bb]\n<p style=\"padding-left: 40px;\"><strong>Almaz\u00e1n Fern\u00e1ndez de Bobadilla, Vega<\/strong><br \/>\nPediatra de Atenci\u00f3n Primaria. Centro de Salud de Maracena, Granada.<br \/>\nConsultora Internacional de Lactancia Certificada IBCLC L-300231.<br \/>\nMiembro del Grupo de Trabajo de Gastroenterolog\u00eda y Nutrici\u00f3n de la AEPap.<br \/>\nCoordinadora del Grupo de Trabajo de Lactancia Materna y Nutrici\u00f3n de Andapap.<\/p>\n<p style=\"padding-left: 40px;\"><strong>Asensi Monz\u00f3, Maite<\/strong><br \/>\nPediatra. Doctora en Medicina. CS Serrer\u00eda 1, Valencia. Profesora Asociada Asistencial Universidad de Valencia. Tutora de residentes de Pediatr\u00eda Hospital Cl\u00ednico de Valencia. Coordinadora del GVR de la AEPap. Codirectora del M\u00e1ster de PAP de AEPap-UCM<\/p>\n<p style=\"padding-left: 40px;\"><strong>Caballero Garc\u00eda, Mercedes<br \/>\n<\/strong>Pediatra de Atenci\u00f3n Primaria. CS Palma Norte. Madrid<\/p>\n<p style=\"padding-left: 40px;\"><strong>Callejas Caballero, Ignacio<\/strong><br \/>\nPediatra de Atenci\u00f3n Primaria. CS Paseo Imperial. Madrid<\/p>\n<p style=\"padding-left: 40px;\"><strong>La Orden Izquierdo, Enrique<\/strong><br \/>\nPediatra de AP. CS Juan de la Cierva. Getafe (Madrid). Profesor Ayudante Doctor en el Grado de Medicina de la Universidad Francisco de Vitoria Grupo de Gastroenterolog\u00eda y Nutrici\u00f3n AEPap<\/p>\n<p style=\"padding-left: 40px;\"><strong>Rodr\u00edguez Fern\u00e1ndez-Oliva, Carmen Rosa <\/strong><br \/>\nPediatra. Doctora en Medicina. Acreditaci\u00f3n AEP de Neumolog\u00eda Pedi\u00e1trica. Hospital Quir\u00f3n Tenerife. Docente Escuela de Servicios Sanitarios de Canarias. M\u00e1ster Bio\u00e9tica. Grupo de V\u00edas Respiratorias AEPap<\/p>\n<p style=\"padding-left: 40px;\"><strong>Romero Garc\u00eda, Carlos\u00a0<\/strong><br \/>\nPediatra de Atenci\u00f3n Primaria. Centro de Salud Los Jardinillos. Palencia. Grupo de Gastroenterolog\u00eda y Nutrici\u00f3n AEPap<\/p>\n[\/vc_column_text][vc_row_inner is_fullwidth_content=\u00bbfalse\u00bb][vc_column_inner width=\u00bb1\/6&#8243;][\/vc_column_inner][vc_column_inner width=\u00bb2\/3&#8243;][mk_padding_divider size=\u00bb60&#8243;][vc_column_text visibility=\u00bbhidden-sm\u00bb css=\u00bb.vc_custom_1755109179098{margin-bottom: 0px !important;}\u00bb]<img loading=\"lazy\" decoding=\"async\" class=\"alignnone wp-image-11707 size-full\" src=\"https:\/\/cursosonline.aepap.org\/moodle2026\/wp-content\/uploads\/2025\/08\/22-congreso-aepap-2026-lema-scaled.jpg\" alt=\"\" width=\"2560\" height=\"211\" srcset=\"https:\/\/cursosonline.aepap.org\/moodle2026\/wp-content\/uploads\/2025\/08\/22-congreso-aepap-2026-lema-scaled.jpg 2560w, https:\/\/cursosonline.aepap.org\/moodle2026\/wp-content\/uploads\/2025\/08\/22-congreso-aepap-2026-lema-scaled-300x25.jpg 300w, https:\/\/cursosonline.aepap.org\/moodle2026\/wp-content\/uploads\/2025\/08\/22-congreso-aepap-2026-lema-scaled-1024x84.jpg 1024w, https:\/\/cursosonline.aepap.org\/moodle2026\/wp-content\/uploads\/2025\/08\/22-congreso-aepap-2026-lema-768x63.jpg 768w, https:\/\/cursosonline.aepap.org\/moodle2026\/wp-content\/uploads\/2025\/08\/22-congreso-aepap-2026-lema-1536x127.jpg 1536w, https:\/\/cursosonline.aepap.org\/moodle2026\/wp-content\/uploads\/2025\/08\/22-congreso-aepap-2026-lema-2048x169.jpg 2048w\" sizes=\"auto, (max-width: 2560px) 100vw, 2560px\" \/>[\/vc_column_text][mk_padding_divider size=\u00bb30&#8243;][\/vc_column_inner][vc_column_inner width=\u00bb1\/6&#8243;][\/vc_column_inner][\/vc_row_inner][\/vc_column][\/mk_page_section]\n<\/div>","protected":false},"excerpt":{"rendered":"<p>[vc_row fullwidth=\u00bbtrue\u00bb parallax=\u00bbcontent-moving-fade\u00bb parallax_speed_bg=\u00bb1&#8243; css=\u00bb.vc_custom_1755109109911{margin-bottom: -10px !important;border-bottom-width: -10px !important;padding-bottom: -10px !important;background-color: #B9271A !important;background-position: center;background-repeat: no-repeat !important;background-size: cover !important;}\u00bb][vc_column css=\u00bb.vc_custom_1703196275772{margin-bottom: -5px !important;border-bottom-width: -5px !important;padding-bottom: -5px !important;background-position: center !important;background-repeat: no-repeat !important;background-size: contain !important;}\u00bb][mk_padding_divider size=\u00bb30&#8243; visibility=\u00bbhidden-sm\u00bb][mk_padding_divider visibility=\u00bbvisible-sm\u00bb][mk_fancy_title color=\u00bb#ffffff\u00bb size=\u00bb40&#8243; force_font_size=\u00bbtrue\u00bb size_smallscreen=\u00bb30&#8243; size_tablet=\u00bb30&#8243; size_phone=\u00bb25&#8243; margin_bottom=\u00bb0&#8243; font_family=\u00bbImpact, Charcoal, sans-serif\u00bb font_type=\u00bbsafefont\u00bb align=\u00bbcenter\u00bb]Ponentes y moderadores[\/mk_fancy_title][mk_padding_divider][\/vc_column][\/vc_row][mk_page_section bg_color=\u00bb#ffffff\u00bb attachment=\u00bbfixed\u00bb bg_position=\u00bbcenter top\u00bb bg_repeat=\u00bbno-repeat\u00bb enable_3d=\u00bbtrue\u00bb padding_top=\u00bb0&#8243; [&hellip;]<\/p>\n","protected":false},"author":3297,"featured_media":0,"parent":0,"menu_order":0,"comment_status":"closed","ping_status":"closed","template":"","meta":{"footnotes":""},"class_list":["post-11489","page","type-page","status-publish","hentry"],"publishpress_future_action":{"enabled":false,"date":"2026-05-06 06:41:05","action":"change-status","newStatus":"draft","terms":[],"taxonomy":"","extraData":[]},"publishpress_future_workflow_manual_trigger":{"enabledWorkflows":[]},"_links":{"self":[{"href":"https:\/\/cursosonline.aepap.org\/moodle2026\/wp-json\/wp\/v2\/pages\/11489","targetHints":{"allow":["GET"]}}],"collection":[{"href":"https:\/\/cursosonline.aepap.org\/moodle2026\/wp-json\/wp\/v2\/pages"}],"about":[{"href":"https:\/\/cursosonline.aepap.org\/moodle2026\/wp-json\/wp\/v2\/types\/page"}],"author":[{"embeddable":true,"href":"https:\/\/cursosonline.aepap.org\/moodle2026\/wp-json\/wp\/v2\/users\/3297"}],"replies":[{"embeddable":true,"href":"https:\/\/cursosonline.aepap.org\/moodle2026\/wp-json\/wp\/v2\/comments?post=11489"}],"version-history":[{"count":25,"href":"https:\/\/cursosonline.aepap.org\/moodle2026\/wp-json\/wp\/v2\/pages\/11489\/revisions"}],"predecessor-version":[{"id":11763,"href":"https:\/\/cursosonline.aepap.org\/moodle2026\/wp-json\/wp\/v2\/pages\/11489\/revisions\/11763"}],"wp:attachment":[{"href":"https:\/\/cursosonline.aepap.org\/moodle2026\/wp-json\/wp\/v2\/media?parent=11489"}],"curies":[{"name":"wp","href":"https:\/\/api.w.org\/{rel}","templated":true}]}}