{"id":11374,"date":"2024-07-17T16:34:41","date_gmt":"2024-07-17T15:34:41","guid":{"rendered":"https:\/\/cursosonline.aepap.org\/moodle2026\/?page_id=11374"},"modified":"2025-12-05T23:01:04","modified_gmt":"2025-12-05T22:01:04","slug":"temario","status":"publish","type":"page","link":"https:\/\/cursosonline.aepap.org\/moodle2026\/temario\/","title":{"rendered":"Temario"},"content":{"rendered":"<div class=\"wpb-content-wrapper\">[vc_row fullwidth=\u00bbtrue\u00bb parallax=\u00bbcontent-moving-fade\u00bb parallax_speed_bg=\u00bb1&#8243; css=\u00bb.vc_custom_1755108697610{margin-bottom: -10px !important;border-bottom-width: -10px !important;padding-bottom: -10px !important;background-color: #B9271A !important;background-position: center;background-repeat: no-repeat !important;background-size: cover !important;}\u00bb][vc_column css=\u00bb.vc_custom_1703196275772{margin-bottom: -5px !important;border-bottom-width: -5px !important;padding-bottom: -5px !important;background-position: center !important;background-repeat: no-repeat !important;background-size: contain !important;}\u00bb][mk_padding_divider size=\u00bb30&#8243; visibility=\u00bbhidden-sm\u00bb][mk_padding_divider visibility=\u00bbvisible-sm\u00bb][mk_fancy_title color=\u00bb#ffffff\u00bb size=\u00bb40&#8243; force_font_size=\u00bbtrue\u00bb size_smallscreen=\u00bb40&#8243; size_tablet=\u00bb40&#8243; size_phone=\u00bb35&#8243; margin_bottom=\u00bb0&#8243; font_family=\u00bbImpact, Charcoal, sans-serif\u00bb font_type=\u00bbsafefont\u00bb align=\u00bbcenter\u00bb]Temario[\/mk_fancy_title][mk_padding_divider][vc_row_inner attached=\u00bbtrue\u00bb disable_element=\u00bbyes\u00bb][vc_column_inner css=\u00bb.vc_custom_1687794206690{margin-top: -60px !important;margin-bottom: -30px !important;border-top-width: -60px !important;border-bottom-width: -30px !important;padding-top: -60px !important;padding-bottom: -30px !important;}\u00bb][vc_raw_html css=\u00bb.vc_custom_1668987405118{margin-top: -30px !important;border-top-width: -30px !important;padding-top: -30px !important;}\u00bb]JTNDZGl2JTNFJTBBJTIwJTIwJTIwJTIwJTIwJTIwJTIwJTIwJTIwJTIwJTIwJTIwJTIwJTIwJTIwJTIwJTNDc3ZnJTIwY2xhc3MlM0QlMjJ3YXZlcyUyMiUyMHhtbG5zJTNEJTIyaHR0cCUzQSUyRiUyRnd3dy53My5vcmclMkYyMDAwJTJGc3ZnJTIyJTIweG1sbnMlM0F4bGluayUzRCUyMmh0dHAlM0ElMkYlMkZ3d3cudzMub3JnJTJGMTk5OSUyRnhsaW5rJTIyJTIwdmlld0JveCUzRCUyMjAlMjAyNCUyMDE1MCUyMDI4JTIyJTIwcHJlc2VydmVBc3BlY3RSYXRpbyUzRCUyMm5vbmUlMjIlMjBzaGFwZS1yZW5kZXJpbmclM0QlMjJhdXRvJTIyJTNFJTBBJTIwJTIwJTIwJTIwJTIwJTIwJTIwJTIwJTIwJTIwJTIwJTIwJTIwJTIwJTIwJTIwJTIwJTIwJTIwJTIwJTNDZGVmcyUzRSUwQSUyMCUyMCUyMCUyMCUyMCUyMCUyMCUyMCUyMCUyMCUyMCUyMCUyMCUyMCUyMCUyMCUyMCUyMCUyMCUyMCUyMCUyMCUyMCUyMCUzQ3BhdGglMjBpZCUzRCUyMmdlbnRsZS13YXZlJTIyJTIwZCUzRCUyMk0tMTYwJTIwNDRjMzAlMjAwJTIwNTgtMTglMjA4OC0xOHMlMjA1OCUyMDE4JTIwODglMjAxOCUyMDU4LTE4JTIwODgtMTglMjA1OCUyMDE4JTIwODglMjAxOCUyMHY0NGgtMzUyeiUyMiUyMCUyRiUzRSUwQSUyMCUyMCUyMCUyMCUyMCUyMCUyMCUyMCUyMCUyMCUyMCUyMCUyMCUyMCUyMCUyMCUyMCUyMCUyMCUyMCUzQyUyRmRlZnMlM0UlMEElMjAlMjAlMjAlMjAlMjAlMjAlMjAlMjAlMjAlMjAlMjAlMjAlMjAlMjAlMjAlMjAlMjAlMjAlMjAlMjAlM0NnJTIwY2xhc3MlM0QlMjJwYXJhbGxheCUyMiUzRSUwQSUyMCUyMCUyMCUyMCUyMCUyMCUyMCUyMCUyMCUyMCUyMCUyMCUyMCUyMCUyMCUyMCUyMCUyMCUyMCUyMCUyMCUyMCUyMCUyMCUzQ3VzZSUyMHhsaW5rJTNBaHJlZiUzRCUyMiUyM2dlbnRsZS13YXZlJTIyJTIweCUzRCUyMjQ4JTIyJTIweSUzRCUyMjAlMjIlMjBmaWxsJTNEJTIycmdiYSUyODI1NSUyQzI1NSUyQzI1NSUyQzAuNyUyMiUyMCUyRiUzRSUwQSUyMCUyMCUyMCUyMCUyMCUyMCUyMCUyMCUyMCUyMCUyMCUyMCUyMCUyMCUyMCUyMCUyMCUyMCUyMCUyMCUyMCUyMCUyMCUyMCUzQ3VzZSUyMHhsaW5rJTNBaHJlZiUzRCUyMiUyM2dlbnRsZS13YXZlJTIyJTIweCUzRCUyMjQ4JTIyJTIweSUzRCUyMjMlMjIlMjBmaWxsJTNEJTIycmdiYSUyODI1NSUyQzI1NSUyQzI1NSUyQzAuNSUyOSUyMiUyMCUyRiUzRSUwQSUyMCUyMCUyMCUyMCUyMCUyMCUyMCUyMCUyMCUyMCUyMCUyMCUyMCUyMCUyMCUyMCUyMCUyMCUyMCUyMCUyMCUyMCUyMCUyMCUzQ3VzZSUyMHhsaW5rJTNBaHJlZiUzRCUyMiUyM2dlbnRsZS13YXZlJTIyJTIweCUzRCUyMjQ4JTIyJTIweSUzRCUyMjUlMjIlMjBmaWxsJTNEJTIycmdiYSUyODI1NSUyQzI1NSUyQzI1NSUyQzAuMyUyOSUyMiUyMCUyRiUzRSUwQSUyMCUyMCUyMCUyMCUyMCUyMCUyMCUyMCUyMCUyMCUyMCUyMCUyMCUyMCUyMCUyMCUyMCUyMCUyMCUyMCUyMCUyMCUyMCUyMCUzQ3VzZSUyMHhsaW5rJTNBaHJlZiUzRCUyMiUyM2dlbnRsZS13YXZlJTIyJTIweCUzRCUyMjQ4JTIyJTIweSUzRCUyMjclMjIlMjBmaWxsJTNEJTIyJTIzZmZmJTIyJTIwJTJGJTNFJTBBJTIwJTIwJTIwJTIwJTIwJTIwJTIwJTIwJTIwJTIwJTIwJTIwJTIwJTIwJTIwJTIwJTIwJTIwJTIwJTIwJTNDJTJGZyUzRSUwQSUyMCUyMCUyMCUyMCUyMCUyMCUyMCUyMCUyMCUyMCUyMCUyMCUyMCUyMCUyMCUyMCUzQyUyRnN2ZyUzRSUwQSUyMCUyMCUyMCUyMCUyMCUyMCUyMCUyMCUyMCUyMCUyMCUyMCUzQyUyRmRpdiUzRSUwQQ==[\/vc_raw_html][\/vc_column_inner][\/vc_row_inner][\/vc_column][\/vc_row][mk_page_section bg_color=\u00bb#ffffff\u00bb attachment=\u00bbfixed\u00bb bg_position=\u00bbcenter top\u00bb bg_repeat=\u00bbno-repeat\u00bb enable_3d=\u00bbtrue\u00bb video_opacity=\u00bb0.7&#8243; padding_top=\u00bb0&#8243; padding_bottom=\u00bb30&#8243; top_shape_style=\u00bbcurve-top\u00bb top_shape_bg_color=\u00bbrgba(255,255,255,0)\u00bb sidebar=\u00bbsidebar-1&#8243; first_page=\u00bbfalse\u00bb last_page=\u00bbfalse\u00bb][vc_column css=\u00bb.vc_custom_1668987388736{margin-bottom: -10px !important;border-bottom-width: -10px !important;padding-bottom: -10px !important;}\u00bb][mk_padding_divider size=\u00bb50&#8243;][vc_column_text css=\u00bb.vc_custom_1764972060286{margin-bottom: 0px !important;}\u00bb]\n<h5 style=\"padding-left: 40px;\">Infecciones de transmisi\u00f3n sexual en adolescentes<\/h5>\n<p style=\"padding-left: 40px;\"><span style=\"color: #2a67a5;\">Ignacio Callejas Caballero<\/span><br \/>\n<span style=\"color: #2a67a5;\">Mercedes Caballero Garc\u00eda<\/span><\/p>\n<h5 style=\"padding-left: 40px;\">\u00bfC\u00f3mo estudiar a un paciente con tos cr\u00f3nica?<\/h5>\n<p style=\"padding-left: 40px;\"><span style=\"color: #2a67a5;\">Carmen Rosa Rodr\u00edguez Fern\u00e1ndez-Oliva<\/span><br \/>\n<span style=\"color: #2a67a5;\">Maite Asensi Monz\u00f3<\/span><\/p>\n<h5 style=\"padding-left: 40px;\">Ni\u00f1os activos, decisiones informadas: gu\u00eda cr\u00edtica sobre suplementos deportivos en pediatr\u00eda<\/h5>\n<p style=\"padding-left: 40px;\"><span style=\"color: #2a67a5;\">Enrique La Orden Izquierdo<\/span><br \/>\n<span style=\"color: #2a67a5;\">Carlos Romero Garc\u00eda<\/span><\/p>\n<h5 style=\"padding-left: 40px;\">Anquiloglosia. Entre la moda y la evidencia. Abordaje y toma de decisiones<\/h5>\n<p style=\"padding-left: 40px;\"><span style=\"color: #2a67a5;\">Vega Almaz\u00e1n Fern\u00e1ndez de Bobadilla<\/span><\/p>\n[\/vc_column_text][vc_row_inner is_fullwidth_content=\u00bbfalse\u00bb][vc_column_inner width=\u00bb1\/6&#8243;][\/vc_column_inner][vc_column_inner width=\u00bb2\/3&#8243;][mk_padding_divider size=\u00bb50&#8243;][vc_column_text visibility=\u00bbhidden-sm\u00bb css=\u00bb.vc_custom_1755108801530{margin-bottom: 0px !important;}\u00bb]<img loading=\"lazy\" decoding=\"async\" class=\"alignnone wp-image-11707 size-full\" src=\"https:\/\/cursosonline.aepap.org\/moodle2026\/wp-content\/uploads\/2025\/08\/22-congreso-aepap-2026-lema-scaled.jpg\" alt=\"\" width=\"2560\" height=\"211\" srcset=\"https:\/\/cursosonline.aepap.org\/moodle2026\/wp-content\/uploads\/2025\/08\/22-congreso-aepap-2026-lema-scaled.jpg 2560w, https:\/\/cursosonline.aepap.org\/moodle2026\/wp-content\/uploads\/2025\/08\/22-congreso-aepap-2026-lema-scaled-300x25.jpg 300w, https:\/\/cursosonline.aepap.org\/moodle2026\/wp-content\/uploads\/2025\/08\/22-congreso-aepap-2026-lema-scaled-1024x84.jpg 1024w, https:\/\/cursosonline.aepap.org\/moodle2026\/wp-content\/uploads\/2025\/08\/22-congreso-aepap-2026-lema-768x63.jpg 768w, https:\/\/cursosonline.aepap.org\/moodle2026\/wp-content\/uploads\/2025\/08\/22-congreso-aepap-2026-lema-1536x127.jpg 1536w, https:\/\/cursosonline.aepap.org\/moodle2026\/wp-content\/uploads\/2025\/08\/22-congreso-aepap-2026-lema-2048x169.jpg 2048w\" sizes=\"auto, (max-width: 2560px) 100vw, 2560px\" \/>[\/vc_column_text][mk_padding_divider size=\u00bb30&#8243;][\/vc_column_inner][vc_column_inner width=\u00bb1\/6&#8243;][\/vc_column_inner][\/vc_row_inner][\/vc_column][\/mk_page_section]\n<\/div>","protected":false},"excerpt":{"rendered":"<p>[vc_row fullwidth=\u00bbtrue\u00bb parallax=\u00bbcontent-moving-fade\u00bb parallax_speed_bg=\u00bb1&#8243; css=\u00bb.vc_custom_1755108697610{margin-bottom: -10px !important;border-bottom-width: -10px !important;padding-bottom: -10px !important;background-color: #B9271A !important;background-position: center;background-repeat: no-repeat !important;background-size: cover !important;}\u00bb][vc_column css=\u00bb.vc_custom_1703196275772{margin-bottom: -5px !important;border-bottom-width: -5px !important;padding-bottom: -5px !important;background-position: center !important;background-repeat: no-repeat !important;background-size: contain !important;}\u00bb][mk_padding_divider size=\u00bb30&#8243; visibility=\u00bbhidden-sm\u00bb][mk_padding_divider visibility=\u00bbvisible-sm\u00bb][mk_fancy_title color=\u00bb#ffffff\u00bb size=\u00bb40&#8243; force_font_size=\u00bbtrue\u00bb size_smallscreen=\u00bb40&#8243; size_tablet=\u00bb40&#8243; size_phone=\u00bb35&#8243; margin_bottom=\u00bb0&#8243; font_family=\u00bbImpact, Charcoal, sans-serif\u00bb font_type=\u00bbsafefont\u00bb align=\u00bbcenter\u00bb]Temario[\/mk_fancy_title][mk_padding_divider][vc_row_inner attached=\u00bbtrue\u00bb disable_element=\u00bbyes\u00bb][vc_column_inner css=\u00bb.vc_custom_1687794206690{margin-top: -60px !important;margin-bottom: -30px !important;border-top-width: -60px !important;border-bottom-width: [&hellip;]<\/p>\n","protected":false},"author":3297,"featured_media":0,"parent":0,"menu_order":0,"comment_status":"closed","ping_status":"closed","template":"","meta":{"footnotes":""},"class_list":["post-11374","page","type-page","status-publish","hentry"],"publishpress_future_action":{"enabled":false,"date":"2026-05-06 06:41:25","action":"change-status","newStatus":"draft","terms":[],"taxonomy":"","extraData":[]},"publishpress_future_workflow_manual_trigger":{"enabledWorkflows":[]},"_links":{"self":[{"href":"https:\/\/cursosonline.aepap.org\/moodle2026\/wp-json\/wp\/v2\/pages\/11374","targetHints":{"allow":["GET"]}}],"collection":[{"href":"https:\/\/cursosonline.aepap.org\/moodle2026\/wp-json\/wp\/v2\/pages"}],"about":[{"href":"https:\/\/cursosonline.aepap.org\/moodle2026\/wp-json\/wp\/v2\/types\/page"}],"author":[{"embeddable":true,"href":"https:\/\/cursosonline.aepap.org\/moodle2026\/wp-json\/wp\/v2\/users\/3297"}],"replies":[{"embeddable":true,"href":"https:\/\/cursosonline.aepap.org\/moodle2026\/wp-json\/wp\/v2\/comments?post=11374"}],"version-history":[{"count":52,"href":"https:\/\/cursosonline.aepap.org\/moodle2026\/wp-json\/wp\/v2\/pages\/11374\/revisions"}],"predecessor-version":[{"id":11776,"href":"https:\/\/cursosonline.aepap.org\/moodle2026\/wp-json\/wp\/v2\/pages\/11374\/revisions\/11776"}],"wp:attachment":[{"href":"https:\/\/cursosonline.aepap.org\/moodle2026\/wp-json\/wp\/v2\/media?parent=11374"}],"curies":[{"name":"wp","href":"https:\/\/api.w.org\/{rel}","templated":true}]}}