{"id":10818,"date":"2024-01-04T17:43:09","date_gmt":"2024-01-04T16:43:09","guid":{"rendered":"https:\/\/cursosonline.aepap.org\/moodle2026\/?page_id=10818"},"modified":"2025-12-09T10:27:38","modified_gmt":"2025-12-09T09:27:38","slug":"inscripcion","status":"publish","type":"page","link":"https:\/\/cursosonline.aepap.org\/moodle2026\/inscripcion\/","title":{"rendered":"Inscripci\u00f3n"},"content":{"rendered":"<div class=\"wpb-content-wrapper\">[vc_row fullwidth=\u00bbtrue\u00bb parallax=\u00bbcontent-moving-fade\u00bb parallax_speed_bg=\u00bb1&#8243; css=\u00bb.vc_custom_1755110253092{margin-bottom: -10px !important;border-bottom-width: -10px !important;padding-bottom: -10px !important;background-color: #B9271A !important;background-position: center;background-repeat: no-repeat !important;background-size: cover !important;}\u00bb][vc_column css=\u00bb.vc_custom_1703196275772{margin-bottom: -5px !important;border-bottom-width: -5px !important;padding-bottom: -5px !important;background-position: center !important;background-repeat: no-repeat !important;background-size: contain !important;}\u00bb][mk_padding_divider size=\u00bb30&#8243; visibility=\u00bbhidden-sm\u00bb][mk_padding_divider visibility=\u00bbvisible-sm\u00bb][mk_fancy_title color=\u00bb#ffffff\u00bb size=\u00bb40&#8243; force_font_size=\u00bbtrue\u00bb size_smallscreen=\u00bb40&#8243; size_tablet=\u00bb40&#8243; size_phone=\u00bb35&#8243; margin_bottom=\u00bb0&#8243; font_family=\u00bbImpact, Charcoal, sans-serif\u00bb font_type=\u00bbsafefont\u00bb align=\u00bbcenter\u00bb]Inscripci\u00f3n[\/mk_fancy_title][mk_padding_divider][\/vc_column][\/vc_row][mk_page_section bg_color=\u00bb#ffffff\u00bb attachment=\u00bbfixed\u00bb bg_position=\u00bbcenter top\u00bb bg_repeat=\u00bbno-repeat\u00bb enable_3d=\u00bbtrue\u00bb padding_top=\u00bb20&#8243; top_shape_style=\u00bbcurve-top\u00bb top_shape_bg_color=\u00bbrgba(255,255,255,0)\u00bb sidebar=\u00bbsidebar-1&#8243; first_page=\u00bbfalse\u00bb last_page=\u00bbfalse\u00bb][vc_column css=\u00bb.vc_custom_1668987388736{margin-bottom: -10px !important;border-bottom-width: -10px !important;padding-bottom: -10px !important;}\u00bb][vc_column_text css=\u00bb.vc_custom_1721844366390{margin-bottom: 0px !important;}\u00bb]\n<h5>Cuotas de inscripci\u00f3n<\/h5>\n[\/vc_column_text][vc_separator color=\u00bborange\u00bb css=\u00bb\u00bb][vc_btn title=\u00bb<b>INSCRIPCI\u00d3N ONLINE<\/b>\u00bb color=\u00bbdanger\u00bb size=\u00bblg\u00bb align=\u00bbcenter\u00bb i_align=\u00bbright\u00bb i_icon_fontawesome=\u00bbfa fa-solid fa-arrow-right-long\u00bb css=\u00bb\u00bb add_icon=\u00bbtrue\u00bb link=\u00bburl:https%3A%2F%2Famconferences.eventsair.com%2Faepap2026%2Fregistro|target:_blank\u00bb][vc_column_text css=\u00bb.vc_custom_1765272431868{margin-top: -5px !important;margin-bottom: 0px !important;}\u00bb]\n<p style=\"text-align: center;\">Apertura para socios y no socios el S\u00e1bado 13 de diciembre de 2025 a las 10.00 h. (peninsular)<\/p>\n[\/vc_column_text][vc_tta_tabs style=\u00bboutline\u00bb color=\u00bbsky\u00bb spacing=\u00bb10&#8243; active_section=\u00bb1&#8243;][vc_tta_section title=\u00bb<b>SOLO CURSO ONLINE (MOODLE)<\/b>\u00bb tab_id=\u00bbsolo-curso\u00bb][mk_table]\n<table style=\"width: 100%; border-collapse: collapse;\">\n<tbody>\n<tr>\n<td style=\"background-color: #ffaa00;\" rowspan=\"2\" bgcolor=\"#0C89B8\"><b><span style=\"color: #ffffff;\">CURSO ONLINE (MOODLE)<\/span><\/b><\/td>\n<td bgcolor=\"ffaa00\"><span style=\"color: #ffffff;\">Socios AEPap<\/span><\/td>\n<td bgcolor=\"ffaa00\"><span style=\"color: #ffffff;\">MIR socios AEPap<\/span><\/td>\n<td bgcolor=\"ffaa00\"><span style=\"color: #ffffff;\">Pediatras y M\u00e9dicos No socios de AEPap<\/span><\/td>\n<td bgcolor=\"ffaa00\"><span style=\"color: #ffffff;\">MIR No socios de AEPap<\/span><\/td>\n<td bgcolor=\"ffaa00\"><span style=\"color: #ffffff;\">Enfermeras<\/span><\/td>\n<td style=\"width: 10%;\" bgcolor=\"ffaa00\"><span style=\"color: #ffffff;\">EIR<\/span><\/td>\n<\/tr>\n<tr>\n<td style=\"width: 13.4033%;\">100 \u20ac<\/td>\n<td style=\"width: 13.8695%;\">75 \u20ac<\/td>\n<td style=\"width: 16.0839%;\">150 \u20ac<\/td>\n<td style=\"width: 13.6364%;\">90 \u20ac<\/td>\n<td style=\"width: 11.7716%;\">100 \u20ac<\/td>\n<td style=\"width: 3.9627%;\">75 \u20ac<\/td>\n<\/tr>\n<\/tbody>\n<\/table>\n[\/mk_table][vc_column_text css=\u00bb.vc_custom_1725186690951{margin-bottom: 0px !important;}\u00bb]<strong>RESIDENTES Y OTROS PROFESIONALES NO PEDIATRAS<\/strong><\/p>\n<p>Los RESIDENTES,\u00a0sean o no socios de la AEPap, as\u00ed como las\u00a0ENFERMERAS O EIR,\u00a0<strong>deber\u00e1n adjuntar<\/strong> en el formulario, durante el proceso de inscripci\u00f3n, un <strong>DOCUMENTO ACREDITATIVO<\/strong> de que lo son para poder aplicar la cuota reducida. Se recomienda tener el documento preparado en el momento de hacer la inscripci\u00f3n. Formatos admitidos: PDF, Word e imagen.[\/vc_column_text][\/vc_tta_section][\/vc_tta_tabs][vc_column_text css=\u00bb.vc_custom_1721845881642{margin-bottom: 0px !important;}\u00bb]\n<h5>Como inscribirse<\/h5>\n[\/vc_column_text][vc_separator color=\u00bborange\u00bb css=\u00bb\u00bb][\/vc_column][\/mk_page_section][mk_page_section bg_color=\u00bb#ffffff\u00bb attachment=\u00bbfixed\u00bb bg_position=\u00bbcenter top\u00bb bg_repeat=\u00bbno-repeat\u00bb enable_3d=\u00bbtrue\u00bb padding_top=\u00bb0&#8243; top_shape_style=\u00bbcurve-top\u00bb top_shape_bg_color=\u00bbrgba(255,255,255,0)\u00bb sidebar=\u00bbsidebar-1&#8243; first_page=\u00bbfalse\u00bb last_page=\u00bbfalse\u00bb][vc_column css=\u00bb.vc_custom_1668987388736{margin-bottom: -10px !important;border-bottom-width: -10px !important;padding-bottom: -10px !important;}\u00bb][vc_tta_tabs style=\u00bboutline\u00bb color=\u00bbsky\u00bb spacing=\u00bb10&#8243; active_section=\u00bb1&#8243;][vc_tta_section title=\u00bb<b>Socios AEPap<\/b>\u00bb tab_id=\u00bb1721847365476-ebedb872-da39&#8243;][vc_column_text css=\u00bb.vc_custom_1755439921640{margin-bottom: 0px !important;}\u00bb]Apertura <strong>22 DE NOVIEMBRE DE 2025 <\/strong>a las 10:00 10.00h. (hora peninsular)[\/vc_column_text][vc_column_text css=\u00bb.vc_custom_1764972271150{margin-bottom: 0px !important;}\u00bb]La inscripci\u00f3n como <strong>Socio de AEPap<\/strong> se realizar\u00e1 a trav\u00e9s de un <strong>formulario personal al que se accede a trav\u00e9s de un enlace individual que recibir\u00e1n en su correo personal<\/strong> con unos d\u00edas de antelaci\u00f3n.<\/p>\n<p><mark>A partir del 11 de noviembre <strong>los SOCIOS RECIBIR\u00c1N SU ENLACE PERSONAL DE INSCRIPCI\u00d3N<\/strong> para que puedan\u00a0 registrarse directamente, si no lo recibe contacte con <a href=\"mailto:congresoaepap@tailored-fit.com\">congresoaepap@tailored-fit.com.<\/a>\u00a0<\/mark>[\/vc_column_text][\/vc_tta_section][vc_tta_section title=\u00bb<b>No socios AEPap<\/b>\u00bb tab_id=\u00bbnosocios\u00bb][vc_column_text css=\u00bb.vc_custom_1755440404865{margin-bottom: 0px !important;}\u00bb]<strong>No socios AEPap:<\/strong>\u00a0 a partir del d\u00eda<strong>\u00a0<\/strong><strong>13 de diciembre de 2025<\/strong><\/p>\n<p><mark>Enlace de inscripci\u00f3n para no socios ser\u00e1 publicado el d\u00eda 13 de noviembre.<\/mark><\/p>\n<p>Este enlace abrir\u00e1 un formulario de inscripci\u00f3n, que le permitir\u00e1 el registro como no socio en el congreso. Al finalizar la inscripci\u00f3n se enviar\u00e1 un correo electr\u00f3nico de confirmaci\u00f3n de inscripci\u00f3n.[\/vc_column_text][\/vc_tta_section][\/vc_tta_tabs][vc_column_text css=\u00bb.vc_custom_1724448748377{margin-bottom: 0px !important;}\u00bb]\n<h5>Instrucciones para recuperar\/conocer el n\u00famero de socio AEPap<\/h5>\n[\/vc_column_text][vc_separator color=\u00bborange\u00bb css=\u00bb\u00bb][vc_tta_tabs style=\u00bboutline\u00bb color=\u00bbsky\u00bb spacing=\u00bb10&#8243; active_section=\u00bb1&#8243;][vc_tta_section i_icon_fontawesome=\u00bbfas fa-info\u00bb add_icon=\u00bbtrue\u00bb tab_id=\u00bbnro-socio\u00bb title=\u00bb<b>HE OLVIDADO MI N\u00daMERO DE SOCIO<\/b>\u00ab][vc_column_text css=\u00bb.vc_custom_1721849510872{margin-bottom: 0px !important;}\u00bb]Se accede a tu ficha de socio de la AEPap a trav\u00e9s de la web <a href=\"http:\/\/www.aepap.org\/\" target=\"_blank\" rel=\"noopener\">http:\/\/www.aepap.org\/<\/a> entrando arriba a la derecha, zona de socios.<\/p>\n<p>Tienes que escribir tu correo electr\u00f3nico y la contrase\u00f1a. Si no conoces tu contrase\u00f1a dar a \u201csolicitar nueva contrase\u00f1a\u201d. Te llegar\u00e1 un enlace a ese correo para elegirla. Despu\u00e9s hay que entrar otra vez con el correo y esa nueva contrase\u00f1a. Al entrar puedes comprobar los datos que figuran en tu ficha, correo @ y n\u00famero de socio.<\/p>\n<p>Si no pudieras acceder a la ficha de socio, contacta con el secretario de tu federada[\/vc_column_text][\/vc_tta_section][\/vc_tta_tabs][\/vc_column][\/mk_page_section][vc_row visibility=\u00bbhidden-sm\u00bb][vc_column width=\u00bb1\/6&#8243;][\/vc_column][vc_column width=\u00bb2\/3&#8243;][mk_padding_divider][vc_column_text css=\u00bb.vc_custom_1755440089641{margin-bottom: 0px !important;}\u00bb]<img loading=\"lazy\" decoding=\"async\" class=\"alignnone wp-image-11707 size-full\" src=\"https:\/\/cursosonline.aepap.org\/moodle2026\/wp-content\/uploads\/2025\/08\/22-congreso-aepap-2026-lema-scaled.jpg\" alt=\"\" width=\"2560\" height=\"211\" srcset=\"https:\/\/cursosonline.aepap.org\/moodle2026\/wp-content\/uploads\/2025\/08\/22-congreso-aepap-2026-lema-scaled.jpg 2560w, https:\/\/cursosonline.aepap.org\/moodle2026\/wp-content\/uploads\/2025\/08\/22-congreso-aepap-2026-lema-scaled-300x25.jpg 300w, https:\/\/cursosonline.aepap.org\/moodle2026\/wp-content\/uploads\/2025\/08\/22-congreso-aepap-2026-lema-scaled-1024x84.jpg 1024w, https:\/\/cursosonline.aepap.org\/moodle2026\/wp-content\/uploads\/2025\/08\/22-congreso-aepap-2026-lema-768x63.jpg 768w, https:\/\/cursosonline.aepap.org\/moodle2026\/wp-content\/uploads\/2025\/08\/22-congreso-aepap-2026-lema-1536x127.jpg 1536w, https:\/\/cursosonline.aepap.org\/moodle2026\/wp-content\/uploads\/2025\/08\/22-congreso-aepap-2026-lema-2048x169.jpg 2048w\" sizes=\"auto, (max-width: 2560px) 100vw, 2560px\" \/>[\/vc_column_text][mk_padding_divider][\/vc_column][vc_column width=\u00bb1\/6&#8243;][\/vc_column][\/vc_row]\n<\/div>","protected":false},"excerpt":{"rendered":"<p>[vc_row fullwidth=\u00bbtrue\u00bb parallax=\u00bbcontent-moving-fade\u00bb parallax_speed_bg=\u00bb1&#8243; css=\u00bb.vc_custom_1755110253092{margin-bottom: -10px !important;border-bottom-width: -10px !important;padding-bottom: -10px !important;background-color: #B9271A !important;background-position: center;background-repeat: no-repeat !important;background-size: cover !important;}\u00bb][vc_column css=\u00bb.vc_custom_1703196275772{margin-bottom: -5px !important;border-bottom-width: -5px !important;padding-bottom: -5px !important;background-position: center !important;background-repeat: no-repeat !important;background-size: contain !important;}\u00bb][mk_padding_divider size=\u00bb30&#8243; visibility=\u00bbhidden-sm\u00bb][mk_padding_divider visibility=\u00bbvisible-sm\u00bb][mk_fancy_title color=\u00bb#ffffff\u00bb size=\u00bb40&#8243; force_font_size=\u00bbtrue\u00bb size_smallscreen=\u00bb40&#8243; size_tablet=\u00bb40&#8243; size_phone=\u00bb35&#8243; margin_bottom=\u00bb0&#8243; font_family=\u00bbImpact, Charcoal, sans-serif\u00bb font_type=\u00bbsafefont\u00bb align=\u00bbcenter\u00bb]Inscripci\u00f3n[\/mk_fancy_title][mk_padding_divider][\/vc_column][\/vc_row][mk_page_section bg_color=\u00bb#ffffff\u00bb attachment=\u00bbfixed\u00bb bg_position=\u00bbcenter top\u00bb bg_repeat=\u00bbno-repeat\u00bb enable_3d=\u00bbtrue\u00bb padding_top=\u00bb20&#8243; top_shape_style=\u00bbcurve-top\u00bb top_shape_bg_color=\u00bbrgba(255,255,255,0)\u00bb [&hellip;]<\/p>\n","protected":false},"author":3297,"featured_media":0,"parent":0,"menu_order":0,"comment_status":"closed","ping_status":"closed","template":"","meta":{"footnotes":""},"class_list":["post-10818","page","type-page","status-publish","hentry"],"publishpress_future_action":{"enabled":false,"date":"2026-05-06 05:32:50","action":"change-status","newStatus":"draft","terms":[],"taxonomy":"","extraData":[]},"publishpress_future_workflow_manual_trigger":{"enabledWorkflows":[]},"_links":{"self":[{"href":"https:\/\/cursosonline.aepap.org\/moodle2026\/wp-json\/wp\/v2\/pages\/10818","targetHints":{"allow":["GET"]}}],"collection":[{"href":"https:\/\/cursosonline.aepap.org\/moodle2026\/wp-json\/wp\/v2\/pages"}],"about":[{"href":"https:\/\/cursosonline.aepap.org\/moodle2026\/wp-json\/wp\/v2\/types\/page"}],"author":[{"embeddable":true,"href":"https:\/\/cursosonline.aepap.org\/moodle2026\/wp-json\/wp\/v2\/users\/3297"}],"replies":[{"embeddable":true,"href":"https:\/\/cursosonline.aepap.org\/moodle2026\/wp-json\/wp\/v2\/comments?post=10818"}],"version-history":[{"count":107,"href":"https:\/\/cursosonline.aepap.org\/moodle2026\/wp-json\/wp\/v2\/pages\/10818\/revisions"}],"predecessor-version":[{"id":11778,"href":"https:\/\/cursosonline.aepap.org\/moodle2026\/wp-json\/wp\/v2\/pages\/10818\/revisions\/11778"}],"wp:attachment":[{"href":"https:\/\/cursosonline.aepap.org\/moodle2026\/wp-json\/wp\/v2\/media?parent=10818"}],"curies":[{"name":"wp","href":"https:\/\/api.w.org\/{rel}","templated":true}]}}