{"id":10818,"date":"2024-01-04T17:43:09","date_gmt":"2024-01-04T16:43:09","guid":{"rendered":"https:\/\/cursosonline.aepap.org\/moodle2025\/?page_id=10818"},"modified":"2024-11-09T20:03:07","modified_gmt":"2024-11-09T19:03:07","slug":"inscripcion","status":"publish","type":"page","link":"https:\/\/cursosonline.aepap.org\/moodle2025\/inscripcion\/","title":{"rendered":"Inscripci\u00f3n"},"content":{"rendered":"<div class=\"wpb-content-wrapper\">[vc_row fullwidth=\u00bbtrue\u00bb parallax=\u00bbcontent-moving-fade\u00bb parallax_speed_bg=\u00bb1&#8243; css=\u00bb.vc_custom_1725180005554{margin-bottom: -10px !important;border-bottom-width: -10px !important;padding-bottom: -10px !important;background-color: #4D8BBE !important;background-position: center;background-repeat: no-repeat !important;background-size: cover !important;}\u00bb][vc_column css=\u00bb.vc_custom_1703196275772{margin-bottom: -5px !important;border-bottom-width: -5px !important;padding-bottom: -5px !important;background-position: center !important;background-repeat: no-repeat !important;background-size: contain !important;}\u00bb][mk_padding_divider size=\u00bb30&#8243; visibility=\u00bbhidden-sm\u00bb][mk_padding_divider visibility=\u00bbvisible-sm\u00bb][mk_fancy_title color=\u00bb#ffffff\u00bb size=\u00bb50&#8243; force_font_size=\u00bbtrue\u00bb size_smallscreen=\u00bb40&#8243; size_tablet=\u00bb40&#8243; size_phone=\u00bb35&#8243; margin_bottom=\u00bb0&#8243; font_family=\u00bbImpact, Charcoal, sans-serif\u00bb font_type=\u00bbsafefont\u00bb align=\u00bbcenter\u00bb]Inscripci\u00f3n[\/mk_fancy_title][mk_padding_divider][vc_row_inner attached=\u00bbtrue\u00bb][vc_column_inner css=\u00bb.vc_custom_1687794206690{margin-top: -60px !important;margin-bottom: -30px !important;border-top-width: -60px !important;border-bottom-width: -30px !important;padding-top: -60px !important;padding-bottom: -30px !important;}\u00bb][vc_raw_html css=\u00bb.vc_custom_1668987405118{margin-top: -30px !important;border-top-width: -30px !important;padding-top: -30px !important;}\u00bb]JTNDZGl2JTNFJTBBJTIwJTIwJTIwJTIwJTIwJTIwJTIwJTIwJTIwJTIwJTIwJTIwJTIwJTIwJTIwJTIwJTNDc3ZnJTIwY2xhc3MlM0QlMjJ3YXZlcyUyMiUyMHhtbG5zJTNEJTIyaHR0cCUzQSUyRiUyRnd3dy53My5vcmclMkYyMDAwJTJGc3ZnJTIyJTIweG1sbnMlM0F4bGluayUzRCUyMmh0dHAlM0ElMkYlMkZ3d3cudzMub3JnJTJGMTk5OSUyRnhsaW5rJTIyJTIwdmlld0JveCUzRCUyMjAlMjAyNCUyMDE1MCUyMDI4JTIyJTIwcHJlc2VydmVBc3BlY3RSYXRpbyUzRCUyMm5vbmUlMjIlMjBzaGFwZS1yZW5kZXJpbmclM0QlMjJhdXRvJTIyJTNFJTBBJTIwJTIwJTIwJTIwJTIwJTIwJTIwJTIwJTIwJTIwJTIwJTIwJTIwJTIwJTIwJTIwJTIwJTIwJTIwJTIwJTNDZGVmcyUzRSUwQSUyMCUyMCUyMCUyMCUyMCUyMCUyMCUyMCUyMCUyMCUyMCUyMCUyMCUyMCUyMCUyMCUyMCUyMCUyMCUyMCUyMCUyMCUyMCUyMCUzQ3BhdGglMjBpZCUzRCUyMmdlbnRsZS13YXZlJTIyJTIwZCUzRCUyMk0tMTYwJTIwNDRjMzAlMjAwJTIwNTgtMTglMjA4OC0xOHMlMjA1OCUyMDE4JTIwODglMjAxOCUyMDU4LTE4JTIwODgtMTglMjA1OCUyMDE4JTIwODglMjAxOCUyMHY0NGgtMzUyeiUyMiUyMCUyRiUzRSUwQSUyMCUyMCUyMCUyMCUyMCUyMCUyMCUyMCUyMCUyMCUyMCUyMCUyMCUyMCUyMCUyMCUyMCUyMCUyMCUyMCUzQyUyRmRlZnMlM0UlMEElMjAlMjAlMjAlMjAlMjAlMjAlMjAlMjAlMjAlMjAlMjAlMjAlMjAlMjAlMjAlMjAlMjAlMjAlMjAlMjAlM0NnJTIwY2xhc3MlM0QlMjJwYXJhbGxheCUyMiUzRSUwQSUyMCUyMCUyMCUyMCUyMCUyMCUyMCUyMCUyMCUyMCUyMCUyMCUyMCUyMCUyMCUyMCUyMCUyMCUyMCUyMCUyMCUyMCUyMCUyMCUzQ3VzZSUyMHhsaW5rJTNBaHJlZiUzRCUyMiUyM2dlbnRsZS13YXZlJTIyJTIweCUzRCUyMjQ4JTIyJTIweSUzRCUyMjAlMjIlMjBmaWxsJTNEJTIycmdiYSUyODI1NSUyQzI1NSUyQzI1NSUyQzAuNyUyMiUyMCUyRiUzRSUwQSUyMCUyMCUyMCUyMCUyMCUyMCUyMCUyMCUyMCUyMCUyMCUyMCUyMCUyMCUyMCUyMCUyMCUyMCUyMCUyMCUyMCUyMCUyMCUyMCUzQ3VzZSUyMHhsaW5rJTNBaHJlZiUzRCUyMiUyM2dlbnRsZS13YXZlJTIyJTIweCUzRCUyMjQ4JTIyJTIweSUzRCUyMjMlMjIlMjBmaWxsJTNEJTIycmdiYSUyODI1NSUyQzI1NSUyQzI1NSUyQzAuNSUyOSUyMiUyMCUyRiUzRSUwQSUyMCUyMCUyMCUyMCUyMCUyMCUyMCUyMCUyMCUyMCUyMCUyMCUyMCUyMCUyMCUyMCUyMCUyMCUyMCUyMCUyMCUyMCUyMCUyMCUzQ3VzZSUyMHhsaW5rJTNBaHJlZiUzRCUyMiUyM2dlbnRsZS13YXZlJTIyJTIweCUzRCUyMjQ4JTIyJTIweSUzRCUyMjUlMjIlMjBmaWxsJTNEJTIycmdiYSUyODI1NSUyQzI1NSUyQzI1NSUyQzAuMyUyOSUyMiUyMCUyRiUzRSUwQSUyMCUyMCUyMCUyMCUyMCUyMCUyMCUyMCUyMCUyMCUyMCUyMCUyMCUyMCUyMCUyMCUyMCUyMCUyMCUyMCUyMCUyMCUyMCUyMCUzQ3VzZSUyMHhsaW5rJTNBaHJlZiUzRCUyMiUyM2dlbnRsZS13YXZlJTIyJTIweCUzRCUyMjQ4JTIyJTIweSUzRCUyMjclMjIlMjBmaWxsJTNEJTIyJTIzZmZmJTIyJTIwJTJGJTNFJTBBJTIwJTIwJTIwJTIwJTIwJTIwJTIwJTIwJTIwJTIwJTIwJTIwJTIwJTIwJTIwJTIwJTIwJTIwJTIwJTIwJTNDJTJGZyUzRSUwQSUyMCUyMCUyMCUyMCUyMCUyMCUyMCUyMCUyMCUyMCUyMCUyMCUyMCUyMCUyMCUyMCUzQyUyRnN2ZyUzRSUwQSUyMCUyMCUyMCUyMCUyMCUyMCUyMCUyMCUyMCUyMCUyMCUyMCUzQyUyRmRpdiUzRSUwQQ==[\/vc_raw_html][\/vc_column_inner][\/vc_row_inner][\/vc_column][\/vc_row][mk_page_section bg_color=\u00bb#ffffff\u00bb attachment=\u00bbfixed\u00bb bg_position=\u00bbcenter top\u00bb bg_repeat=\u00bbno-repeat\u00bb enable_3d=\u00bbtrue\u00bb padding_top=\u00bb40&#8243; padding_bottom=\u00bb0&#8243; top_shape_style=\u00bbcurve-top\u00bb top_shape_bg_color=\u00bbrgba(255,255,255,0)\u00bb sidebar=\u00bbsidebar-1&#8243; first_page=\u00bbfalse\u00bb last_page=\u00bbfalse\u00bb][vc_column css=\u00bb.vc_custom_1668987388736{margin-bottom: -10px !important;border-bottom-width: -10px !important;padding-bottom: -10px !important;}\u00bb][vc_tta_tabs style=\u00bboutline\u00bb color=\u00bbsky\u00bb spacing=\u00bb10&#8243; active_section=\u00bb1&#8243;][vc_tta_section i_icon_fontawesome=\u00bbfas fa-info\u00bb add_icon=\u00bbtrue\u00bb title=\u00bb<b>INSCRIPCI\u00d3N EXCLUSIVAMENTE AL<\/b>\u00ab][vc_column_text css=\u00bb.vc_custom_1725186200172{margin-bottom: 0px !important;}\u00bb]\n<h3>Curso online de actualizaci\u00f3n en pediatr\u00eda 2025 (Moodle)<\/h3>\n[\/vc_column_text][vc_column_text css=\u00bb.vc_custom_1725186417353{margin-bottom: 0px !important;}\u00bb]\n<h5>La web de inscripciones abrir\u00e1 su acceso:<\/h5>\n[\/vc_column_text][vc_column_text css=\u00bb.vc_custom_1731178747550{margin-bottom: 0px !important;}\u00bb]\n<h4>16 de noviembre de 2024<\/h4>\n<p>A las 10.00h, hora peninsular<br \/>\nPara todos los interesados, sean o no socios AEPap<\/p>\n<p>La inscripci\u00f3n se realizar\u00e1 mediante un formulario <em>online <\/em>elaborado por nuestra Secretar\u00eda T\u00e9cnica.<br \/>\n<a href=\"https:\/\/congresoaepap.org\/2025\/inscripcion\/#inscripcion\">https:\/\/congresoaepap.org\/2025\/inscripcion\/#inscripcion<\/a><\/p>\n<p><mark>Se marcar\u00e1 la opci\u00f3n: <strong>\u201cSolo Curso <em>online <\/em>Moodle\u201d<\/strong>.<\/mark>[\/vc_column_text][\/vc_tta_section][\/vc_tta_tabs][\/vc_column][\/mk_page_section][mk_page_section bg_color=\u00bb#ffffff\u00bb attachment=\u00bbfixed\u00bb bg_position=\u00bbcenter top\u00bb bg_repeat=\u00bbno-repeat\u00bb enable_3d=\u00bbtrue\u00bb padding_top=\u00bb20&#8243; top_shape_style=\u00bbcurve-top\u00bb top_shape_bg_color=\u00bbrgba(255,255,255,0)\u00bb sidebar=\u00bbsidebar-1&#8243; first_page=\u00bbfalse\u00bb last_page=\u00bbfalse\u00bb][vc_column css=\u00bb.vc_custom_1668987388736{margin-bottom: -10px !important;border-bottom-width: -10px !important;padding-bottom: -10px !important;}\u00bb][vc_column_text css=\u00bb.vc_custom_1721844366390{margin-bottom: 0px !important;}\u00bb]\n<h5>Cuotas de inscripci\u00f3n<\/h5>\n[\/vc_column_text][vc_separator color=\u00bborange\u00bb css=\u00bb\u00bb][vc_tta_tabs style=\u00bboutline\u00bb color=\u00bbsky\u00bb spacing=\u00bb10&#8243; active_section=\u00bb1&#8243;][vc_tta_section title=\u00bb<b>SOLO CURSO ONLINE (MOODLE)<\/b>\u00bb tab_id=\u00bbsolo-curso\u00bb][mk_table]\n<table style=\"width: 100%; border-collapse: collapse;\">\n<tbody>\n<tr>\n<td style=\"background-color: #ffaa00;\" rowspan=\"2\" bgcolor=\"#0C89B8\"><b><span style=\"color: #ffffff;\">CURSO ONLINE (MOODLE)<\/span><\/b><\/td>\n<td bgcolor=\"ffaa00\"><span style=\"color: #ffffff;\">Socios AEPap<\/span><\/td>\n<td bgcolor=\"ffaa00\"><span style=\"color: #ffffff;\">MIR socios AEPap<\/span><\/td>\n<td bgcolor=\"ffaa00\"><span style=\"color: #ffffff;\">Pediatras y M\u00e9dicos No socios de AEPap<\/span><\/td>\n<td bgcolor=\"ffaa00\"><span style=\"color: #ffffff;\">MIR No socios de AEPap<\/span><\/td>\n<td bgcolor=\"ffaa00\"><span style=\"color: #ffffff;\">Enfermeras<\/span><\/td>\n<td style=\"width: 10%;\" bgcolor=\"ffaa00\"><span style=\"color: #ffffff;\">EIR<\/span><\/td>\n<\/tr>\n<tr>\n<td style=\"width: 13.4033%;\">100 \u20ac<\/td>\n<td style=\"width: 13.8695%;\">75 \u20ac<\/td>\n<td style=\"width: 16.0839%;\">150 \u20ac<\/td>\n<td style=\"width: 13.6364%;\">90 \u20ac<\/td>\n<td style=\"width: 11.7716%;\">100 \u20ac<\/td>\n<td style=\"width: 3.9627%;\">75 \u20ac<\/td>\n<\/tr>\n<\/tbody>\n<\/table>\n[\/mk_table][vc_column_text css=\u00bb.vc_custom_1725186690951{margin-bottom: 0px !important;}\u00bb]<strong>RESIDENTES Y OTROS PROFESIONALES NO PEDIATRAS<\/strong><\/p>\n<p>Los RESIDENTES,\u00a0sean o no socios de la AEPap, as\u00ed como las\u00a0ENFERMERAS O EIR,\u00a0<strong>deber\u00e1n adjuntar<\/strong> en el formulario, durante el proceso de inscripci\u00f3n, un <strong>DOCUMENTO ACREDITATIVO<\/strong> de que lo son para poder aplicar la cuota reducida. Se recomienda tener el documento preparado en el momento de hacer la inscripci\u00f3n. Formatos admitidos: PDF, Word e imagen.[\/vc_column_text][\/vc_tta_section][\/vc_tta_tabs][vc_column_text css=\u00bb.vc_custom_1721845881642{margin-bottom: 0px !important;}\u00bb]\n<h5>Como inscribirse<\/h5>\n[\/vc_column_text][vc_separator color=\u00bborange\u00bb css=\u00bb\u00bb][\/vc_column][\/mk_page_section][mk_page_section bg_color=\u00bb#ffffff\u00bb attachment=\u00bbfixed\u00bb bg_position=\u00bbcenter top\u00bb bg_repeat=\u00bbno-repeat\u00bb enable_3d=\u00bbtrue\u00bb padding_top=\u00bb0&#8243; top_shape_style=\u00bbcurve-top\u00bb top_shape_bg_color=\u00bbrgba(255,255,255,0)\u00bb sidebar=\u00bbsidebar-1&#8243; first_page=\u00bbfalse\u00bb last_page=\u00bbfalse\u00bb][vc_column css=\u00bb.vc_custom_1668987388736{margin-bottom: -10px !important;border-bottom-width: -10px !important;padding-bottom: -10px !important;}\u00bb][vc_tta_tabs style=\u00bboutline\u00bb color=\u00bbsky\u00bb spacing=\u00bb10&#8243; active_section=\u00bb1&#8243;][vc_tta_section title=\u00bb<b>Socios AEPap<\/b>\u00bb tab_id=\u00bb1721847365476-ebedb872-da39&#8243;][vc_column_text css=\u00bb.vc_custom_1726509131848{margin-bottom: 0px !important;}\u00bb]\n<h4>Apertura 16 de noviembre de 2024 a las 10.00h.<\/h4>\n[\/vc_column_text][vc_column_text css=\u00bb.vc_custom_1731178870399{margin-bottom: 0px !important;}\u00bb]\n<h5>Apertura 16 de noviembre de 2024 a las 10.00h.<\/h5>\n<p>La inscripci\u00f3n como <strong>Socio de AEPap<\/strong> se realizar\u00e1 a trav\u00e9s de un <strong>formulario personal al que se accede a trav\u00e9s de un enlace individual que recibir\u00e1n en su correo personal<\/strong> con unos d\u00edas de antelaci\u00f3n.<\/p>\n<p><mark>A partir del 11 de noviembre <strong>los SOCIOS RECIBIR\u00c1N SU LIN LINK PERSONAL DE INSCRIPCI\u00d3N<\/strong> <strong><span style=\"color: #3366ff;\">(<span style=\"text-decoration: underline;\">recomendado<\/span>) <\/span><\/strong>para que puedan\u00a0 registrarse directamente, si no lo recibe contacte con <a href=\"mailto:congresoaepap@tailored-fit.com\">congresoaepap@tailored-fit.com.<\/a>\u00a0<\/mark><\/p>\n<p><strong>Opcional <\/strong>(no recomendado)<strong>: <\/strong>Tambi\u00e9n podr\u00e1n hacerlo a trav\u00e9s del siguiente enlace.<br \/>\n<a href=\"https:\/\/amconferences.eventsair.com\/attendeeapp\/z-aepap-2025\/registro\" target=\"_blank\" rel=\"noopener\">Inscripci\u00f3n socio AEPap<\/a>[\/vc_column_text][vc_column_text css=\u00bb.vc_custom_1731178899086{margin-bottom: 0px !important;}\u00bb]Si no funcionara este acceso, se puede copiar la direcci\u00f3n directamente en el navegador web y entrar con el n\u00famero de socio AEPap y con el correo electr\u00f3nico que conste en la ficha de socio a fecha 30 de septiembre de 2024.<\/p>\n<p>Si no recuerdas su n\u00famero de socio contacte con <a href=\"mailto:congresoaepap@tailored-fit.com\">congresoaepap@tailored-fit.com<\/a>.[\/vc_column_text][\/vc_tta_section][vc_tta_section title=\u00bb<b>No socios AEPap<\/b>\u00bb tab_id=\u00bbnosocios\u00bb][vc_column_text css=\u00bb.vc_custom_1731178924785{margin-bottom: 0px !important;}\u00bb]<strong>No socios AEPap:<\/strong>\u00a0 a partir del d\u00eda 30 de noviembre de 2024<\/p>\n<p><mark>Enlace de inscripci\u00f3n para socios ser\u00e1 publicado el d\u00eda 30 de noviembre.<\/mark><\/p>\n<p>Este enlace abrir\u00e1 un formulario de inscripci\u00f3n, que le permitir\u00e1 el registro como no socio en el congreso. Al finalizar la inscripci\u00f3n se enviar\u00e1 un correo electr\u00f3nico con un resumen de la inscripci\u00f3n.[\/vc_column_text][\/vc_tta_section][\/vc_tta_tabs][vc_column_text css=\u00bb.vc_custom_1724448748377{margin-bottom: 0px !important;}\u00bb]\n<h5>Instrucciones para recuperar\/conocer el n\u00famero de socio AEPap<\/h5>\n[\/vc_column_text][vc_separator color=\u00bborange\u00bb css=\u00bb\u00bb][vc_tta_tabs style=\u00bboutline\u00bb color=\u00bbsky\u00bb spacing=\u00bb10&#8243; active_section=\u00bb1&#8243;][vc_tta_section i_icon_fontawesome=\u00bbfas fa-info\u00bb add_icon=\u00bbtrue\u00bb tab_id=\u00bbnro-socio\u00bb title=\u00bb<b>HE OLVIDADO MI N\u00daMERO DE SOCIO<\/b>\u00ab][vc_column_text css=\u00bb.vc_custom_1721849510872{margin-bottom: 0px !important;}\u00bb]Se accede a tu ficha de socio de la AEPap a trav\u00e9s de la web <a href=\"http:\/\/www.aepap.org\/\" target=\"_blank\" rel=\"noopener\">http:\/\/www.aepap.org\/<\/a> entrando arriba a la derecha, zona de socios.<\/p>\n<p>Tienes que escribir tu correo electr\u00f3nico y la contrase\u00f1a. Si no conoces tu contrase\u00f1a dar a \u201csolicitar nueva contrase\u00f1a\u201d. Te llegar\u00e1 un enlace a ese correo para elegirla. Despu\u00e9s hay que entrar otra vez con el correo y esa nueva contrase\u00f1a. Al entrar puedes comprobar los datos que figuran en tu ficha, correo @ y n\u00famero de socio.<\/p>\n<p>Si no pudieras acceder a la ficha de socio, contacta con el secretario de tu federada[\/vc_column_text][\/vc_tta_section][\/vc_tta_tabs][\/vc_column][\/mk_page_section][vc_row visibility=\u00bbhidden-sm\u00bb][vc_column][mk_padding_divider][vc_column_text css=\u00bb.vc_custom_1724449401957{margin-bottom: 0px !important;}\u00bb]<img loading=\"lazy\" decoding=\"async\" class=\"alignnone size-full wp-image-11316\" src=\"https:\/\/cursosonline.aepap.org\/moodle2025\/wp-content\/uploads\/2024\/07\/21-congreso-aepap-2025-lema.png\" alt=\"\" width=\"8203\" height=\"360\" srcset=\"https:\/\/cursosonline.aepap.org\/moodle2025\/wp-content\/uploads\/2024\/07\/21-congreso-aepap-2025-lema.png 8203w, https:\/\/cursosonline.aepap.org\/moodle2025\/wp-content\/uploads\/2024\/07\/21-congreso-aepap-2025-lema-300x13.png 300w, https:\/\/cursosonline.aepap.org\/moodle2025\/wp-content\/uploads\/2024\/07\/21-congreso-aepap-2025-lema-1024x45.png 1024w, https:\/\/cursosonline.aepap.org\/moodle2025\/wp-content\/uploads\/2024\/07\/21-congreso-aepap-2025-lema-768x34.png 768w, https:\/\/cursosonline.aepap.org\/moodle2025\/wp-content\/uploads\/2024\/07\/21-congreso-aepap-2025-lema-1536x67.png 1536w, https:\/\/cursosonline.aepap.org\/moodle2025\/wp-content\/uploads\/2024\/07\/21-congreso-aepap-2025-lema-2048x90.png 2048w\" sizes=\"auto, (max-width: 8203px) 100vw, 8203px\" \/>[\/vc_column_text][mk_padding_divider][\/vc_column][\/vc_row]\n<\/div>","protected":false},"excerpt":{"rendered":"<p>[vc_row fullwidth=\u00bbtrue\u00bb parallax=\u00bbcontent-moving-fade\u00bb parallax_speed_bg=\u00bb1&#8243; css=\u00bb.vc_custom_1725180005554{margin-bottom: -10px !important;border-bottom-width: -10px !important;padding-bottom: -10px !important;background-color: #4D8BBE !important;background-position: center;background-repeat: no-repeat !important;background-size: cover !important;}\u00bb][vc_column css=\u00bb.vc_custom_1703196275772{margin-bottom: -5px !important;border-bottom-width: -5px !important;padding-bottom: -5px !important;background-position: center !important;background-repeat: no-repeat !important;background-size: contain !important;}\u00bb][mk_padding_divider size=\u00bb30&#8243; visibility=\u00bbhidden-sm\u00bb][mk_padding_divider visibility=\u00bbvisible-sm\u00bb][mk_fancy_title color=\u00bb#ffffff\u00bb size=\u00bb50&#8243; force_font_size=\u00bbtrue\u00bb size_smallscreen=\u00bb40&#8243; size_tablet=\u00bb40&#8243; size_phone=\u00bb35&#8243; margin_bottom=\u00bb0&#8243; font_family=\u00bbImpact, Charcoal, sans-serif\u00bb font_type=\u00bbsafefont\u00bb align=\u00bbcenter\u00bb]Inscripci\u00f3n[\/mk_fancy_title][mk_padding_divider][vc_row_inner attached=\u00bbtrue\u00bb][vc_column_inner css=\u00bb.vc_custom_1687794206690{margin-top: -60px !important;margin-bottom: -30px !important;border-top-width: -60px !important;border-bottom-width: -30px [&hellip;]<\/p>\n","protected":false},"author":3297,"featured_media":0,"parent":0,"menu_order":0,"comment_status":"closed","ping_status":"closed","template":"","meta":{"footnotes":""},"class_list":["post-10818","page","type-page","status-publish","hentry"],"publishpress_future_action":{"enabled":false,"date":"2026-05-13 13:29:19","action":"change-status","newStatus":"draft","terms":[],"taxonomy":"","extraData":[]},"publishpress_future_workflow_manual_trigger":{"enabledWorkflows":[]},"_links":{"self":[{"href":"https:\/\/cursosonline.aepap.org\/moodle2025\/wp-json\/wp\/v2\/pages\/10818","targetHints":{"allow":["GET"]}}],"collection":[{"href":"https:\/\/cursosonline.aepap.org\/moodle2025\/wp-json\/wp\/v2\/pages"}],"about":[{"href":"https:\/\/cursosonline.aepap.org\/moodle2025\/wp-json\/wp\/v2\/types\/page"}],"author":[{"embeddable":true,"href":"https:\/\/cursosonline.aepap.org\/moodle2025\/wp-json\/wp\/v2\/users\/3297"}],"replies":[{"embeddable":true,"href":"https:\/\/cursosonline.aepap.org\/moodle2025\/wp-json\/wp\/v2\/comments?post=10818"}],"version-history":[{"count":101,"href":"https:\/\/cursosonline.aepap.org\/moodle2025\/wp-json\/wp\/v2\/pages\/10818\/revisions"}],"predecessor-version":[{"id":11684,"href":"https:\/\/cursosonline.aepap.org\/moodle2025\/wp-json\/wp\/v2\/pages\/10818\/revisions\/11684"}],"wp:attachment":[{"href":"https:\/\/cursosonline.aepap.org\/moodle2025\/wp-json\/wp\/v2\/media?parent=10818"}],"curies":[{"name":"wp","href":"https:\/\/api.w.org\/{rel}","templated":true}]}}