{"id":10611,"date":"2023-12-21T18:55:44","date_gmt":"2023-12-21T17:55:44","guid":{"rendered":"https:\/\/cursosonline.aepap.org\/moodle2025\/?page_id=10611"},"modified":"2024-09-01T11:58:06","modified_gmt":"2024-09-01T10:58:06","slug":"home","status":"publish","type":"page","link":"https:\/\/cursosonline.aepap.org\/moodle2025\/","title":{"rendered":"Home"},"content":{"rendered":"<div class=\"wpb-content-wrapper\">[vc_row fullwidth=\u00bbtrue\u00bb][vc_column css=\u00bb.vc_custom_1725181015129{margin-top: -50px !important;border-top-width: -50px !important;padding-top: -50px !important;}\u00bb][mk_edge_slider first_el=\u00bbtrue\u00bb swiper_bg=\u00bb\u00bb order=\u00bbASC\u00bb orderby=\u00bbpost__in\u00bb full_height=\u00bbfalse\u00bb height=\u00bb360&#8243; animation_effect=\u00bbfade\u00bb animation_speed=\u00bb800&#8243; slideshow_speed=\u00bb150000&#8243; direction_nav=\u00bbnone\u00bb pagination=\u00bbnone\u00bb skip_arrow=\u00bbfalse\u00bb visibility=\u00bbhidden-sm\u00bb slides=\u00bb11578&#8243;][mk_edge_slider first_el=\u00bbtrue\u00bb swiper_bg=\u00bb\u00bb order=\u00bbASC\u00bb orderby=\u00bbpost__in\u00bb full_height=\u00bbfalse\u00bb height=\u00bb360&#8243; animation_effect=\u00bbfade\u00bb animation_speed=\u00bb800&#8243; slideshow_speed=\u00bb150000&#8243; direction_nav=\u00bbnone\u00bb pagination=\u00bbnone\u00bb skip_arrow=\u00bbfalse\u00bb visibility=\u00bbvisible-sm\u00bb slides=\u00bb11634&#8243;][\/vc_column][\/vc_row][mk_page_section bg_color=\u00bb#ffffff\u00bb bg_position=\u00bbcenter bottom\u00bb bg_repeat=\u00bbno-repeat\u00bb bg_stretch=\u00bbtrue\u00bb bg_gradient=\u00bbvertical\u00bb video_color_mask=\u00bbrgba(30,115,190,0.02)\u00bb gr_end=\u00bbrgba(30,115,190,0.34)\u00bb padding_top=\u00bb30&#8243; padding_bottom=\u00bb0&#8243; top_shape_style=\u00bbcurve-top\u00bb animation=\u00bbfade-in\u00bb sidebar=\u00bbsidebar-1&#8243; first_page=\u00bbfalse\u00bb last_page=\u00bbfalse\u00bb][vc_column css=\u00bb.vc_custom_1687772248233{background-position: center !important;background-repeat: no-repeat !important;background-size: cover !important;}\u00bb][vc_column_text css=\u00bb.vc_custom_1725175281964{margin-bottom: 0px !important;}\u00bb]\n<h4>Presentaci\u00f3n<\/h4>\n<p>Queridos compa\u00f1eros,<\/p>\n<p>Os presentamos la web de la und\u00e9cima edici\u00f3n del <strong>Curso online de actualizaci\u00f3n en pediatr\u00eda 2025 <\/strong>que se desarrolla en la plataforma formativa Moodle de la AEPap.<\/p>\n<p class=\"Normal0\">El curso estar\u00e1 disponible, como siempre, de forma autom\u00e1tica, para todos aquellos inscritos en el Congreso AEPap presencial o virtual. Adem\u00e1s, es posible tambi\u00e9n la\u00a0<strong>INSCRIPCI\u00d3N de manera exclusiva<\/strong>, para quienes as\u00ed lo prefieran.<\/p>\n<p class=\"Normal0\">En esta web encontrareis toda la informaci\u00f3n necesaria sobre inscripci\u00f3n, plazos, condiciones de acreditaci\u00f3n, etc.<\/p>\n<p class=\"Normal0\">Cada uno de los temas incorporar\u00e1 un\u00a0<strong>v\u00eddeo<\/strong>\u00a0con una presentaci\u00f3n elaborada por el autor o autores, un documento<strong>\u00a0<\/strong>con el\u00a0<strong>material escrito<\/strong>\u00a0y unas\u00a0<strong>notas resumen<\/strong>\u00a0de los conceptos m\u00e1s importantes a criterio del autor, de f\u00e1cil consulta, as\u00ed como\u00a0<strong>enlaces y bibliograf\u00eda<\/strong>\u00a0de inter\u00e9s relacionada con el tema.<\/p>\n<p class=\"Normal0\">La plataforma ofrece asimismo un\u00a0<strong>foro de debate<\/strong>\u00a0dentro de cada tema, con gran acogida en ediciones pasadas, que permite compartir conocimientos y enriquecer los contenidos con las aportaciones de los alumnos.<\/p>\n<p class=\"Normal0\">Los alumnos tendr\u00e1n que hacer un test previo de conocimientos (pretest) imprescindible para poder acceder a la plataforma y descargar los contenidos de cada uno de los temas.<\/p>\n<p class=\"Normal0\">Esperamos que, como en ediciones anteriores, la oferta formativa que os presentamos os resulte atractiva y \u00fatil para vuestro trabajo.<\/p>\n<p class=\"Normal0\">Muchas gracias y bienvenidos a nuestro Curso\u00a0<em>online<\/em>\u00a0de Actualizaci\u00f3n en Pediatr\u00eda.<\/p>\n[\/vc_column_text][vc_row_inner attached=\u00bbtrue\u00bb is_fullwidth_content=\u00bbfalse\u00bb column_padding=\u00bb2&#8243;][vc_column_inner width=\u00bb1\/3&#8243; css=\u00bb.vc_custom_1725174443255{background-color: #008BC1 !important;background-position: center !important;background-repeat: no-repeat !important;background-size: cover !important;border-radius: 25px !important;}\u00bb][mk_fancy_title color=\u00bb#ffffff\u00bb size=\u00bb32&#8243; force_font_size=\u00bbtrue\u00bb size_smallscreen=\u00bb20&#8243; size_tablet=\u00bb20&#8243; size_phone=\u00bb20&#8243; line_height=\u00bb110&#8243; font_weight=\u00bb100&#8243; font_style=\u00bbnormal\u00bb txt_transform=\u00bbnone\u00bb letter_spacing=\u00bb1&#8243; margin_bottom=\u00bb0&#8243; font_family=\u00bbImpact, Charcoal, sans-serif\u00bb font_type=\u00bbsafefont\u00bb align=\u00bbcenter\u00bb]\n<p style=\"text-align: center;\">TEMARIO<\/p>\n[\/mk_fancy_title][mk_button dimension=\u00bboutline\u00bb corner_style=\u00bbrounded\u00bb size=\u00bblarge\u00bb url=\u00bbhttps:\/\/cursosonline.aepap.org\/moodle2025\/temario\/\u00bb align=\u00bbcenter\u00bb margin_bottom=\u00bb30&#8243; outline_skin=\u00bblight\u00bb]LEER M\u00c1S[\/mk_button][\/vc_column_inner][vc_column_inner width=\u00bb1\/3&#8243; css=\u00bb.vc_custom_1725174461435{background-color: #DD0044 !important;background-position: center !important;background-repeat: no-repeat !important;background-size: cover !important;border-radius: 25px !important;}\u00bb][mk_fancy_title color=\u00bb#ffffff\u00bb size=\u00bb32&#8243; force_font_size=\u00bbtrue\u00bb size_smallscreen=\u00bb20&#8243; size_tablet=\u00bb20&#8243; size_phone=\u00bb20&#8243; line_height=\u00bb110&#8243; font_weight=\u00bb100&#8243; font_style=\u00bbnormal\u00bb txt_transform=\u00bbnone\u00bb letter_spacing=\u00bb1&#8243; margin_bottom=\u00bb0&#8243; font_family=\u00bbImpact, Charcoal, sans-serif\u00bb font_type=\u00bbsafefont\u00bb align=\u00bbcenter\u00bb]\n<p style=\"text-align: center;\">INSCRIPCI\u00d3N<\/p>\n[\/mk_fancy_title][mk_button dimension=\u00bboutline\u00bb corner_style=\u00bbrounded\u00bb size=\u00bblarge\u00bb url=\u00bbhttps:\/\/cursosonline.aepap.org\/moodle2025\/inscripcion\/\u00bb align=\u00bbcenter\u00bb margin_bottom=\u00bb30&#8243; outline_skin=\u00bblight\u00bb]PULSA AQU\u00cd[\/mk_button][\/vc_column_inner][vc_column_inner width=\u00bb1\/3&#8243; css=\u00bb.vc_custom_1725174481460{background-color: #008A2E !important;background-position: center !important;background-repeat: no-repeat !important;background-size: cover !important;border-radius: 25px !important;}\u00bb][mk_fancy_title color=\u00bb#ffffff\u00bb size=\u00bb32&#8243; force_font_size=\u00bbtrue\u00bb size_smallscreen=\u00bb20&#8243; size_tablet=\u00bb20&#8243; size_phone=\u00bb20&#8243; line_height=\u00bb110&#8243; font_weight=\u00bb100&#8243; font_style=\u00bbnormal\u00bb txt_transform=\u00bbnone\u00bb letter_spacing=\u00bb1&#8243; margin_bottom=\u00bb0&#8243; font_family=\u00bbImpact, Charcoal, sans-serif\u00bb font_type=\u00bbsafefont\u00bb align=\u00bbcenter\u00bb]\n<p style=\"text-align: center;\">PONENTES<\/p>\n[\/mk_fancy_title][mk_button dimension=\u00bboutline\u00bb size=\u00bblarge\u00bb url=\u00bbhttps:\/\/cursosonline.aepap.org\/moodle2025\/ponentes\/\u00bb align=\u00bbcenter\u00bb margin_bottom=\u00bb30&#8243; outline_skin=\u00bblight\u00bb]MAS INFO[\/mk_button][\/vc_column_inner][\/vc_row_inner][mk_padding_divider size=\u00bb30&#8243; visibility=\u00bbhidden-sm\u00bb][\/vc_column][\/mk_page_section][mk_page_section bg_color=\u00bb#ffffff\u00bb bg_position=\u00bbcenter bottom\u00bb bg_repeat=\u00bbno-repeat\u00bb bg_stretch=\u00bbtrue\u00bb bg_gradient=\u00bbvertical\u00bb video_color_mask=\u00bbrgba(30,115,190,0.34)\u00bb gr_end=\u00bbrgba(30,115,190,0.02)\u00bb padding_top=\u00bb30&#8243; padding_bottom=\u00bb30&#8243; top_shape_style=\u00bbcurve-top\u00bb sidebar=\u00bbsidebar-1&#8243; first_page=\u00bbfalse\u00bb last_page=\u00bbfalse\u00bb][vc_column css=\u00bb.vc_custom_1687772248233{background-position: center !important;background-repeat: no-repeat !important;background-size: cover !important;}\u00bb][vc_column_text visibility=\u00bbhidden-sm\u00bb css=\u00bb.vc_custom_1725182428797{margin-bottom: 0px !important;}\u00bb]<img loading=\"lazy\" decoding=\"async\" class=\"alignnone size-full wp-image-11316\" src=\"https:\/\/cursosonline.aepap.org\/moodle2025\/wp-content\/uploads\/2024\/07\/21-congreso-aepap-2025-lema.png\" alt=\"\" width=\"8203\" height=\"360\" srcset=\"https:\/\/cursosonline.aepap.org\/moodle2025\/wp-content\/uploads\/2024\/07\/21-congreso-aepap-2025-lema.png 8203w, https:\/\/cursosonline.aepap.org\/moodle2025\/wp-content\/uploads\/2024\/07\/21-congreso-aepap-2025-lema-300x13.png 300w, https:\/\/cursosonline.aepap.org\/moodle2025\/wp-content\/uploads\/2024\/07\/21-congreso-aepap-2025-lema-1024x45.png 1024w, https:\/\/cursosonline.aepap.org\/moodle2025\/wp-content\/uploads\/2024\/07\/21-congreso-aepap-2025-lema-768x34.png 768w, https:\/\/cursosonline.aepap.org\/moodle2025\/wp-content\/uploads\/2024\/07\/21-congreso-aepap-2025-lema-1536x67.png 1536w, https:\/\/cursosonline.aepap.org\/moodle2025\/wp-content\/uploads\/2024\/07\/21-congreso-aepap-2025-lema-2048x90.png 2048w\" sizes=\"auto, (max-width: 8203px) 100vw, 8203px\" \/>[\/vc_column_text][vc_column_text visibility=\u00bbvisible-sm\u00bb css=\u00bb.vc_custom_1725182617087{margin-bottom: 0px !important;}\u00bb]<img loading=\"lazy\" decoding=\"async\" class=\"aligncenter wp-image-11639 size-large\" src=\"https:\/\/cursosonline.aepap.org\/moodle2025\/wp-content\/uploads\/2024\/09\/21-congreso-aepap-2025-lema1-1024x79.png\" alt=\"\" width=\"1024\" height=\"79\" srcset=\"https:\/\/cursosonline.aepap.org\/moodle2025\/wp-content\/uploads\/2024\/09\/21-congreso-aepap-2025-lema1-1024x79.png 1024w, https:\/\/cursosonline.aepap.org\/moodle2025\/wp-content\/uploads\/2024\/09\/21-congreso-aepap-2025-lema1-300x23.png 300w, https:\/\/cursosonline.aepap.org\/moodle2025\/wp-content\/uploads\/2024\/09\/21-congreso-aepap-2025-lema1-768x59.png 768w, https:\/\/cursosonline.aepap.org\/moodle2025\/wp-content\/uploads\/2024\/09\/21-congreso-aepap-2025-lema1-1536x119.png 1536w, https:\/\/cursosonline.aepap.org\/moodle2025\/wp-content\/uploads\/2024\/09\/21-congreso-aepap-2025-lema1-2048x159.png 2048w\" sizes=\"auto, (max-width: 1024px) 100vw, 1024px\" \/><img loading=\"lazy\" decoding=\"async\" class=\"aligncenter wp-image-11638\" src=\"https:\/\/cursosonline.aepap.org\/moodle2025\/wp-content\/uploads\/2024\/09\/21-congreso-aepap-2025-lema2.png\" alt=\"\" width=\"777\" height=\"79\" srcset=\"https:\/\/cursosonline.aepap.org\/moodle2025\/wp-content\/uploads\/2024\/09\/21-congreso-aepap-2025-lema2.png 3530w, https:\/\/cursosonline.aepap.org\/moodle2025\/wp-content\/uploads\/2024\/09\/21-congreso-aepap-2025-lema2-300x31.png 300w, https:\/\/cursosonline.aepap.org\/moodle2025\/wp-content\/uploads\/2024\/09\/21-congreso-aepap-2025-lema2-1024x104.png 1024w, https:\/\/cursosonline.aepap.org\/moodle2025\/wp-content\/uploads\/2024\/09\/21-congreso-aepap-2025-lema2-768x78.png 768w, https:\/\/cursosonline.aepap.org\/moodle2025\/wp-content\/uploads\/2024\/09\/21-congreso-aepap-2025-lema2-1536x156.png 1536w, https:\/\/cursosonline.aepap.org\/moodle2025\/wp-content\/uploads\/2024\/09\/21-congreso-aepap-2025-lema2-2048x208.png 2048w\" sizes=\"auto, (max-width: 777px) 100vw, 777px\" \/>[\/vc_column_text][vc_row_inner attached=\u00bbtrue\u00bb is_fullwidth_content=\u00bbfalse\u00bb column_padding=\u00bb2&#8243;][vc_column_inner width=\u00bb2\/5&#8243;][mk_custom_box corner_radius=\u00bb25&#8243; margin_bottom=\u00bb0&#8243; animation=\u00bbscale-up\u00bb bg_color=\u00bb#ffffff\u00bb border_color_style=\u00bbsingle_color\u00bb border_color=\u00bb#dddddd\u00bb elevation_effect=\u00bbtrue\u00bb][mk_circle_image src=\u00bbhttps:\/\/cursosonline.aepap.org\/moodle2025\/wp-content\/uploads\/2024\/03\/istock-1346575545-2048&#215;1537-1.jpg\u00bb image_diameter=\u00bb200&#8243;][vc_column_text css=\u00bb.vc_custom_1725177927321{margin-bottom: -30px !important;border-bottom-width: -30px !important;padding-bottom: -30px !important;}\u00bb]\n<p style=\"text-align: center;\">S\u00edgenos en las redes sociales y comp\u00e1rtelo con tus colegas y amigos<br \/>\n<strong>#AEPap2025<\/strong><\/p>\n[\/vc_column_text][\/mk_custom_box][\/vc_column_inner][vc_column_inner width=\u00bb3\/5&#8243;][mk_social_networks size=\u00bbx-large\u00bb style=\u00bbsimple\u00bb margin=\u00bb8&#8243; icon_color=\u00bb#008bc1&#8243; icon_hover_color=\u00bb#dd0044&#8243; align=\u00bbcenter\u00bb facebook=\u00bbhttps:\/\/www.facebook.com\/p\/Congreso-AEPap-100095136139836\/\u00bb twitter=\u00bbhttps:\/\/x.com\/CongresoAEPap\u00bb instagram=\u00bbhttps:\/\/www.instagram.com\/congreso_aepap_\/\u00bb linkedin=\u00bbhttps:\/\/www.linkedin.com\/in\/congreso-aepap-pediatr%C3%ADa-de-atenci%C3%B3n-primaria-en-espa%C3%B1a-198b1b291\/\u00bb][mk_padding_divider visibility=\u00bbhidden-sm\u00bb][vc_column_text css=\u00bb.vc_custom_1724436118263{margin-bottom: 0px !important;}\u00bb]\n<p style=\"text-align: center;\">Quedan \n[\/vc_column_text][\/vc_column_inner][\/vc_row_inner][\/vc_column][\/mk_page_section]\n<\/div>","protected":false},"excerpt":{"rendered":"<p>[vc_row fullwidth=\u00bbtrue\u00bb][vc_column css=\u00bb.vc_custom_1725181015129{margin-top: -50px !important;border-top-width: -50px !important;padding-top: -50px !important;}\u00bb][mk_edge_slider first_el=\u00bbtrue\u00bb swiper_bg=\u00bb\u00bb order=\u00bbASC\u00bb orderby=\u00bbpost__in\u00bb full_height=\u00bbfalse\u00bb height=\u00bb360&#8243; animation_effect=\u00bbfade\u00bb animation_speed=\u00bb800&#8243; slideshow_speed=\u00bb150000&#8243; direction_nav=\u00bbnone\u00bb pagination=\u00bbnone\u00bb skip_arrow=\u00bbfalse\u00bb visibility=\u00bbhidden-sm\u00bb slides=\u00bb11578&#8243;][mk_edge_slider first_el=\u00bbtrue\u00bb swiper_bg=\u00bb\u00bb order=\u00bbASC\u00bb orderby=\u00bbpost__in\u00bb full_height=\u00bbfalse\u00bb height=\u00bb360&#8243; animation_effect=\u00bbfade\u00bb animation_speed=\u00bb800&#8243; slideshow_speed=\u00bb150000&#8243; direction_nav=\u00bbnone\u00bb pagination=\u00bbnone\u00bb skip_arrow=\u00bbfalse\u00bb visibility=\u00bbvisible-sm\u00bb slides=\u00bb11634&#8243;][\/vc_column][\/vc_row][mk_page_section bg_color=\u00bb#ffffff\u00bb bg_position=\u00bbcenter bottom\u00bb bg_repeat=\u00bbno-repeat\u00bb bg_stretch=\u00bbtrue\u00bb bg_gradient=\u00bbvertical\u00bb video_color_mask=\u00bbrgba(30,115,190,0.02)\u00bb gr_end=\u00bbrgba(30,115,190,0.34)\u00bb padding_top=\u00bb30&#8243; padding_bottom=\u00bb0&#8243; top_shape_style=\u00bbcurve-top\u00bb animation=\u00bbfade-in\u00bb sidebar=\u00bbsidebar-1&#8243; first_page=\u00bbfalse\u00bb last_page=\u00bbfalse\u00bb][vc_column css=\u00bb.vc_custom_1687772248233{background-position: center !important;background-repeat: [&hellip;]<\/p>\n","protected":false},"author":3297,"featured_media":0,"parent":0,"menu_order":0,"comment_status":"closed","ping_status":"closed","template":"","meta":{"footnotes":""},"class_list":["post-10611","page","type-page","status-publish","hentry"],"publishpress_future_action":{"enabled":false,"date":"2026-05-13 12:25:28","action":"change-status","newStatus":"draft","terms":[],"taxonomy":"","extraData":[]},"publishpress_future_workflow_manual_trigger":{"enabledWorkflows":[]},"_links":{"self":[{"href":"https:\/\/cursosonline.aepap.org\/moodle2025\/wp-json\/wp\/v2\/pages\/10611","targetHints":{"allow":["GET"]}}],"collection":[{"href":"https:\/\/cursosonline.aepap.org\/moodle2025\/wp-json\/wp\/v2\/pages"}],"about":[{"href":"https:\/\/cursosonline.aepap.org\/moodle2025\/wp-json\/wp\/v2\/types\/page"}],"author":[{"embeddable":true,"href":"https:\/\/cursosonline.aepap.org\/moodle2025\/wp-json\/wp\/v2\/users\/3297"}],"replies":[{"embeddable":true,"href":"https:\/\/cursosonline.aepap.org\/moodle2025\/wp-json\/wp\/v2\/comments?post=10611"}],"version-history":[{"count":206,"href":"https:\/\/cursosonline.aepap.org\/moodle2025\/wp-json\/wp\/v2\/pages\/10611\/revisions"}],"predecessor-version":[{"id":11666,"href":"https:\/\/cursosonline.aepap.org\/moodle2025\/wp-json\/wp\/v2\/pages\/10611\/revisions\/11666"}],"wp:attachment":[{"href":"https:\/\/cursosonline.aepap.org\/moodle2025\/wp-json\/wp\/v2\/media?parent=10611"}],"curies":[{"name":"wp","href":"https:\/\/api.w.org\/{rel}","templated":true}]}}